{"id":25,"date":"2019-03-29T16:16:21","date_gmt":"2019-03-29T16:16:21","guid":{"rendered":"http:\/\/metzegerei-gundogdu.inyour.house\/?page_id=25"},"modified":"2022-10-28T08:44:32","modified_gmt":"2022-10-28T08:44:32","slug":"prova","status":"publish","type":"page","link":"https:\/\/g\u00fcndogdu-fleisch.de\/index.php\/","title":{"rendered":"Home"},"content":{"rendered":"<p>[et_pb_section fb_built=&#8221;1&#8243; fullwidth=&#8221;on&#8221; _builder_version=&#8221;3.19.3&#8243; background_color=&#8221;#ffffff&#8221; custom_padding=&#8221;0|0px|0|0px|false|false&#8221;][et_pb_fullwidth_slider _builder_version=&#8221;3.19.3&#8243; header_font=&#8221;||||||||&#8221; background_image=&#8221;http:\/\/metzegerei-gundogdu.inyour.house\/wp-content\/uploads\/2019\/04\/slide_home_3.jpg&#8221; auto=&#8221;on&#8221;][et_pb_slide heading=&#8221;QUALIT\u00c4T&#8221; button_text=&#8221;MEHR ERFAHREN&#8221; _builder_version=&#8221;3.19.3&#8243; header_level=&#8221;h1&#8243; header_font=&#8221;Georgia|800|||||||&#8221; header_text_align=&#8221;center&#8221; header_font_size=&#8221;100px&#8221; header_font_size_tablet=&#8221;70px&#8221; header_font_size_phone=&#8221;36px&#8221; header_font_size_last_edited=&#8221;on|tablet&#8221; header_text_shadow_style=&#8221;preset2&#8243; body_font=&#8221;||||||||&#8221; background_color=&#8221;rgba(196,196,196,0)&#8221; background_image=&#8221;https:\/\/g\u00fcndogdu-fleisch.de\/wp-content\/uploads\/2019\/04\/fleisch_bild_home_1.jpg&#8221;]<\/p>\n<h3>Zertifizierte Qualit\u00e4t und Frische<\/h3>\n<p>[\/et_pb_slide][et_pb_slide heading=&#8221;TRADITION&#8221; button_text=&#8221;MEHR ERFAHREN&#8221; _builder_version=&#8221;3.19.3&#8243; header_level=&#8221;h1&#8243; header_font=&#8221;Georgia|800|||||||&#8221; header_text_align=&#8221;center&#8221; header_font_size=&#8221;100px&#8221; header_font_size_tablet=&#8221;70px&#8221; header_font_size_phone=&#8221;35px&#8221; header_font_size_last_edited=&#8221;on|tablet&#8221; header_text_shadow_style=&#8221;preset2&#8243; background_color=&#8221;rgba(196,196,196,0)&#8221; background_image=&#8221;https:\/\/g\u00fcndogdu-fleisch.de\/wp-content\/uploads\/2019\/04\/bild_fleisch_home_3.jpg&#8221;]<\/p>\n<h2>Familienunternehmen in der 3. Generation<\/h2>\n<p>[\/et_pb_slide][et_pb_slide heading=&#8221;GROSSHANDEL&#8221; button_text=&#8221;MEHR ERFAHREN&#8221; _builder_version=&#8221;3.19.3&#8243; header_level=&#8221;h1&#8243; header_font=&#8221;Georgia|800|||||||&#8221; header_text_align=&#8221;center&#8221; header_font_size=&#8221;100px&#8221; header_font_size_tablet=&#8221;46px&#8221; header_font_size_phone=&#8221;25px&#8221; header_font_size_last_edited=&#8221;on|tablet&#8221; header_text_shadow_style=&#8221;preset2&#8243; body_font=&#8221;||||||||&#8221; body_font_size_phone=&#8221;1px&#8221; body_font_size_last_edited=&#8221;on|phone&#8221; background_color=&#8221;rgba(196,196,196,0)&#8221; background_image=&#8221;https:\/\/g\u00fcndogdu-fleisch.de\/wp-content\/uploads\/2019\/05\/img_home_4_def.jpg&#8221;]<\/p>\n<div id=\"cc-m-7270218456\" class=\"j-module n j-spacing \"><\/div>\n<p>[\/et_pb_slide][et_pb_slide heading=&#8221;GESCHULTES PERSONAL&#8221; button_text=&#8221;MEHR ERFAHREN&#8221; _builder_version=&#8221;3.19.3&#8243; header_level=&#8221;h1&#8243; header_font=&#8221;Georgia|800|||||||&#8221; header_text_align=&#8221;center&#8221; header_font_size=&#8221;100px&#8221; header_font_size_phone=&#8221;25px&#8221; header_font_size_last_edited=&#8221;on|phone&#8221; header_text_shadow_style=&#8221;preset2&#8243; body_font=&#8221;||||||||&#8221; body_font_size_phone=&#8221;1px&#8221; body_font_size_last_edited=&#8221;on|phone&#8221; background_color=&#8221;rgba(196,196,196,0)&#8221; background_image=&#8221;https:\/\/g\u00fcndogdu-fleisch.de\/wp-content\/uploads\/2019\/04\/bild_fleisch_home_2.jpg&#8221;]<\/p>\n<h2>Unsere kompetenz f\u00fcr Sie<\/h2>\n<div id=\"cc-m-7270218456\" class=\"j-module n j-spacing \"><\/div>\n<p>[\/et_pb_slide][\/et_pb_fullwidth_slider][\/et_pb_section][et_pb_section fb_built=&#8221;1&#8243; _builder_version=&#8221;3.19.3&#8243; background_image=&#8221;http:\/\/metzegerei-gundogdu.inyour.house\/wp-content\/uploads\/2019\/05\/sfondo_wood.jpg&#8221; parallax=&#8221;on&#8221; custom_padding=&#8221;70px|0px|90px|0px|false|false&#8221;][et_pb_row custom_padding=&#8221;0|0px|0|0px|false|false&#8221; _builder_version=&#8221;3.19.3&#8243;][et_pb_column type=&#8221;1_3&#8243; _builder_version=&#8221;3.19.3&#8243; parallax=&#8221;off&#8221; parallax_method=&#8221;on&#8221;][et_pb_image src=&#8221;http:\/\/metzegerei-gundogdu.inyour.house\/wp-content\/uploads\/2019\/05\/icona_uberuns_defi.png&#8221; url=&#8221;http:\/\/metzegerei-gundogdu.inyour.house\/index.php\/grosshandler\/&#8221; _builder_version=&#8221;3.19.3&#8243; max_width=&#8221;70%&#8221; max_width_tablet=&#8221;50%&#8221; max_width_last_edited=&#8221;on|phone&#8221; module_alignment=&#8221;center&#8221;]<\/p>\n<h4 style=\"text-align: center;\"><span style=\"font-size: x-large; color: #aa0014;\"><strong><span style=\"font-family: Georgia;\">WERKS VERKAUFT<\/span><\/strong><\/span><\/h4>\n<p>[\/et_pb_image][et_pb_image src=&#8221;https:\/\/g\u00fcndogdu-fleisch.de\/wp-content\/uploads\/2019\/05\/icona_uberuns_defi.png&#8221; url=&#8221;https:\/\/xn--gndogdu-fleisch-zvb.de\/index.php\/index.php\/grosshandler\/&#8221; _builder_version=&#8221;3.19.3&#8243; max_width=&#8221;70%&#8221; module_alignment=&#8221;center&#8221;][\/et_pb_image][et_pb_text _builder_version=&#8221;3.19.3&#8243; inline_fonts=&#8221;Arial,Verdana,ABeeZee,Abel,Abhaya Libre,Abril Fatface,Acme,Aclonica,Adamina,Aguafina Script,Akronim,Aldrich,Alegreya,Alex Brush,Alfa Slab One,Alice,Alike,Alike Angular,Allura,Allerta Stencil,Almendra SC,Almendra Display,Amatic SC,Amaranth,Amethysta,Amiko,Amiri,Andada,Angkor,Annie Use Your Telescope,Antic,Antic Didone,Anton,Antic Slab,Arbutus,Arbutus Slab,Architects Daughter,Archivo,Archivo Black,Aref Ruqaa,Archivo Narrow,Arimo,Averia Libre,Averia Sans Libre,Averia Serif Libre,Bad Script,Bahiana,Baloo,Baloo Bhaijaan,Baloo Bhaina,Baloo Chettan,Baloo Paaji,Baloo Da,Baloo Tamma,Baloo Tammudu,Balthazar,Barrio,Belgrano,Georgia&#8221;]<\/p>\n<h4 style=\"text-align: center;\"><span style=\"font-size: x-large; color: #aa0014;\"><strong><span style=\"font-family: Georgia;\">GROSSHANDEL<\/span><\/strong><\/span><\/h4>\n<p>[\/et_pb_text][\/et_pb_column][et_pb_column type=&#8221;1_3&#8243; _builder_version=&#8221;3.19.3&#8243; parallax=&#8221;off&#8221; parallax_method=&#8221;on&#8221;][et_pb_image src=&#8221;http:\/\/metzegerei-gundogdu.inyour.house\/wp-content\/uploads\/2019\/04\/icona_laden-1.png&#8221; url=&#8221;http:\/\/metzegerei-gundogdu.inyour.house\/index.php\/laden\/&#8221; align=&#8221;center&#8221; _builder_version=&#8221;3.19.3&#8243; max_width=&#8221;70%&#8221; max_width_phone=&#8221;50%&#8221; max_width_last_edited=&#8221;on|phone&#8221; module_alignment=&#8221;center&#8221;][\/et_pb_image][et_pb_image src=&#8221;https:\/\/g\u00fcndogdu-fleisch.de\/wp-content\/uploads\/2021\/09\/icona_laden.png&#8221; url=&#8221;https:\/\/xn--gndogdu-fleisch-zvb.de\/index.php\/index.php\/laden\/&#8221; _builder_version=&#8221;3.19.3&#8243; max_width=&#8221;70%&#8221; module_alignment=&#8221;center&#8221;][\/et_pb_image][et_pb_text _builder_version=&#8221;3.19.3&#8243; inline_fonts=&#8221;Arial,Verdana,ABeeZee,Abel,Abhaya Libre,Abril Fatface,Acme,Aclonica,Adamina,Aguafina Script,Akronim,Aldrich,Alegreya,Alex Brush,Alfa Slab One,Alice,Alike,Alike Angular,Allura,Allerta Stencil,Almendra SC,Almendra Display,Amatic SC,Amaranth,Amethysta,Amiko,Amiri,Andada,Angkor,Annie Use Your Telescope,Antic,Antic Didone,Anton,Antic Slab,Arbutus,Arbutus Slab,Architects Daughter,Archivo,Archivo Black,Aref Ruqaa,Archivo Narrow,Arimo,Averia Libre,Averia Sans Libre,Averia Serif Libre,Bad Script,Bahiana,Baloo,Baloo Bhaijaan,Baloo Bhaina,Baloo Chettan,Baloo Paaji,Baloo Da,Baloo Tamma,Baloo Tammudu,Balthazar,Barrio,Belgrano,Georgia&#8221;]<\/p>\n<h4 style=\"text-align: center;\"><span style=\"font-size: x-large; color: #aa0014;\"><strong><span style=\"font-family: Georgia;\">LADEN<\/span><\/strong><\/span><\/h4>\n<p>[\/et_pb_text][\/et_pb_column][et_pb_column type=&#8221;1_3&#8243; _builder_version=&#8221;3.19.3&#8243; parallax=&#8221;off&#8221; parallax_method=&#8221;on&#8221;][et_pb_image src=&#8221;http:\/\/metzegerei-gundogdu.inyour.house\/wp-content\/uploads\/2019\/04\/icona_produkte_300x300.png&#8221; url=&#8221;http:\/\/metzegerei-gundogdu.inyour.house\/index.php\/produkte\/&#8221; _builder_version=&#8221;3.19.3&#8243; max_width=&#8221;70%&#8221; max_width_phone=&#8221;50%&#8221; max_width_last_edited=&#8221;on|phone&#8221; module_alignment=&#8221;center&#8221;][\/et_pb_image][et_pb_image src=&#8221;https:\/\/g\u00fcndogdu-fleisch.de\/wp-content\/uploads\/2021\/09\/icona_carne.png&#8221; url=&#8221;https:\/\/xn--gndogdu-fleisch-zvb.de\/index.php\/index.php\/produkte\/&#8221; _builder_version=&#8221;3.19.3&#8243; max_width=&#8221;70%&#8221; module_alignment=&#8221;center&#8221;][\/et_pb_image][et_pb_text _builder_version=&#8221;3.19.3&#8243; inline_fonts=&#8221;Arial,Verdana,ABeeZee,Abel,Abhaya Libre,Abril Fatface,Acme,Aclonica,Adamina,Aguafina Script,Akronim,Aldrich,Alegreya,Alex Brush,Alfa Slab One,Alice,Alike,Alike Angular,Allura,Allerta Stencil,Almendra SC,Almendra Display,Amatic SC,Amaranth,Amethysta,Amiko,Amiri,Andada,Angkor,Annie Use Your Telescope,Antic,Antic Didone,Anton,Antic Slab,Arbutus,Arbutus Slab,Architects Daughter,Archivo,Archivo Black,Aref Ruqaa,Archivo Narrow,Arimo,Averia Libre,Averia Sans Libre,Averia Serif Libre,Bad Script,Bahiana,Baloo,Baloo Bhaijaan,Baloo Bhaina,Baloo Chettan,Baloo Paaji,Baloo Da,Baloo Tamma,Baloo Tammudu,Balthazar,Barrio,Belgrano,Georgia&#8221;]<\/p>\n<h4 style=\"text-align: center;\"><span style=\"font-size: x-large; color: #aa0014;\"><strong><span style=\"font-family: Georgia;\">PRODUKTE<\/span><\/strong><\/span><\/h4>\n<p>[\/et_pb_text][\/et_pb_column][\/et_pb_row][\/et_pb_section][et_pb_section fb_built=&#8221;1&#8243; _builder_version=&#8221;3.19.3&#8243; background_color=&#8221;#ffffff&#8221; parallax=&#8221;on&#8221; box_shadow_style=&#8221;preset2&#8243; custom_padding=&#8221;0|0px|0|0px|false|false&#8221;][et_pb_row make_fullwidth=&#8221;on&#8221; use_custom_gutter=&#8221;on&#8221; gutter_width=&#8221;1&#8243; make_equal=&#8221;on&#8221; custom_css_main_1=&#8221;margin: auto;||&#8221; _builder_version=&#8221;3.19.3&#8243; animation_style=&#8221;fade&#8221; custom_css_main_element=&#8221;padding-top: 0px !important; ||   padding-bottom: 0px !important;||&#8221;][et_pb_column type=&#8221;1_2&#8243; _builder_version=&#8221;3.19.3&#8243; parallax=&#8221;off&#8221; parallax_method=&#8221;on&#8221; custom_css_main=&#8221;margin: auto;||&#8221;][et_pb_text disabled_on=&#8221;off|off|off&#8221; _builder_version=&#8221;3.19.3&#8243; text_font=&#8221;||||||||&#8221; text_font_size_tablet=&#8221;9px&#8221; text_font_size_phone=&#8221;12px&#8221; text_font_size_last_edited=&#8221;on|tablet&#8221; header_font=&#8221;Georgia|700|||||||&#8221; header_text_color=&#8221;#aa0014&#8243; header_font_size_phone=&#8221;20px&#8221; header_font_size_last_edited=&#8221;on|phone&#8221; header_2_font=&#8221;||||||||&#8221; header_2_font_size=&#8221;14px&#8221; header_3_font=&#8221;||||||||&#8221; header_3_font_size=&#8221;18px&#8221; header_3_font_size_phone=&#8221;12px&#8221; header_3_font_size_last_edited=&#8221;on|phone&#8221; max_width_phone=&#8221;100%&#8221; max_width_last_edited=&#8221;on|phone&#8221; module_alignment=&#8221;center&#8221; custom_margin=&#8221;|100px||100px&#8221; custom_margin_phone=&#8221;20px|30px|20px|30px&#8221; custom_margin_last_edited=&#8221;on|phone&#8221; custom_css_main_element=&#8221;margin: auto;||&#8221; custom_css_main_element__hover_enabled=&#8221;on&#8221;]<\/p>\n<div class=\"heading-text el-text\">\n<h1 style=\"text-align: left;\">Herzlich Willkommen<\/h1>\n<p><strong><\/strong><\/p>\n<h3 style=\"text-align: left;\"><span style=\"font-size: large;\"><strong>Ihre Fleischerei in Bochum<\/strong><\/span><\/h3>\n<p><span style=\"font-size: large;\"><strong><\/strong><\/span><\/p>\n<p><span style=\"font-size: large;\"><span style=\"font-weight: 400;\">Die Gundogdu GmbH steht seit mehr als 20 Jahren f\u00fcr beste Fleischqualit\u00e4t. <\/span><span style=\"font-weight: 400;\">Wer ausgezeichnete Produkte aus eigener Herstellung sch\u00e4tzt ist daher bei uns genau richtig. Vom Einkauf bis zur Auslieferung legen wir gro\u00dfen Wert auf regelm\u00e4\u00dfige Qualit\u00e4tspr\u00fcfungen und Herkunft des Fleisches. <\/span><span style=\"font-weight: 400;\">Dank der Einhaltung strenger Normen und dem Einsatz moderner Maschinen wird eine reibungslose Fleischverarbeitung garantiert. Unser Schlacht- und Zerlegebetrieb ist zertifiziert nach HACCP-Norm. <\/span><\/span><\/p>\n<p><span style=\"font-weight: 400; font-size: large;\">Schauen Sie selbst, was wir Ihnen alles zu bieten haben und bekommen Sie einen Einblick auf unserer Webseite.<\/span><\/p>\n<\/div>\n<div class=\"uncode_text_column\" style=\"text-align: center;\">\n<p style=\"text-align: center;\">\n<\/div>\n<p>[\/et_pb_text][\/et_pb_column][et_pb_column type=&#8221;1_2&#8243; _builder_version=&#8221;3.19.3&#8243; parallax=&#8221;off&#8221; parallax_method=&#8221;on&#8221;][et_pb_image src=&#8221;https:\/\/g\u00fcndogdu-fleisch.de\/wp-content\/uploads\/2019\/04\/bild_laden_1_def.jpg&#8221; _builder_version=&#8221;3.19.3&#8243;][\/et_pb_image][\/et_pb_column][\/et_pb_row][\/et_pb_section][et_pb_section fb_built=&#8221;1&#8243; _builder_version=&#8221;3.19.3&#8243; background_image=&#8221;http:\/\/metzegerei-gundogdu.inyour.house\/wp-content\/uploads\/2019\/05\/sfondo_wood.jpg&#8221; parallax=&#8221;on&#8221; custom_padding=&#8221;90px|0px|70px|0px|false|false&#8221;][et_pb_row _builder_version=&#8221;3.19.3&#8243;][et_pb_column type=&#8221;1_3&#8243; _builder_version=&#8221;3.19.3&#8243; parallax=&#8221;off&#8221; parallax_method=&#8221;on&#8221;][et_pb_text _builder_version=&#8221;3.19.3&#8243; header_font=&#8221;||||||||&#8221; header_2_font=&#8221;Georgia|700|||||||&#8221; header_2_text_color=&#8221;#aa0014&#8243; inline_fonts=&#8221;Times New Roman,Arial,Trebuchet,Verdana,ABeeZee&#8221;]<\/p>\n<h2><span color=\"#aa0014\" face=\"Georgia\"><span><b>Laden \u00d6ffnungszeiten<\/b><\/span><\/span><\/h2>\n<ul>\n<li><span style=\"font-size: large;\"><strong>Mo. &#8211; Fr.: <\/strong>8:30 &#8211; 19:30 Uhr<\/span><\/li>\n<li><span style=\"font-size: large;\"><strong>Di. &#8211; Sa.: <\/strong>8:30 &#8211; 18:00 Uhr<\/span><\/li>\n<\/ul>\n<p>[\/et_pb_text][et_pb_text _builder_version=&#8221;3.19.3&#8243; text_font=&#8221;||||||||&#8221; header_font=&#8221;||||||||&#8221; header_2_font=&#8221;Georgia|700|||||||&#8221; header_2_text_color=&#8221;#aa0014&#8243; header_3_font=&#8221;||||||||&#8221; header_3_text_color=&#8221;#666666&#8243; inline_fonts=&#8221;Times New Roman,Arial,Trebuchet,Verdana,ABeeZee&#8221;]<\/p>\n<h2><span color=\"#aa0014\" face=\"Georgia\"><span><b>Laden Adresse<\/b><\/span><\/span><\/h2>\n<h3><span>Hans-B\u00f6ckler-Stra\u00dfe 8<\/span><\/h3>\n<h3><span>44787 Bochum<\/span><\/h3>\n<p><span color=\"#aa0014\" face=\"Georgia\"><span><b><\/b><\/span><\/span><\/p>\n<p>[\/et_pb_text][\/et_pb_column][et_pb_column type=&#8221;1_3&#8243; _builder_version=&#8221;3.19.3&#8243; parallax=&#8221;off&#8221; parallax_method=&#8221;on&#8221;][et_pb_text _builder_version=&#8221;3.19.3&#8243; header_font=&#8221;||||||||&#8221; header_2_font=&#8221;Georgia||||||||&#8221; header_2_text_color=&#8221;#aa0014&#8243; inline_fonts=&#8221;Times New Roman,Arial,Trebuchet,Verdana,ABeeZee&#8221;]<\/p>\n<h2><span><strong>Werk \u00d6ffnungszeiten<\/strong><\/span><\/h2>\n<ul>\n<li><span style=\"font-size: large;\"><strong>Mo.: <\/strong>6:00 &#8211; 15:00 Uhr<\/span><\/li>\n<li><span style=\"font-size: large;\"><strong>Di. &#8211; Sa.: <\/strong>6:00 &#8211; 16:00 Uhr<\/span><\/li>\n<\/ul>\n<p>[\/et_pb_text][et_pb_text _builder_version=&#8221;3.19.3&#8243; header_font=&#8221;||||||||&#8221; header_2_font=&#8221;Georgia||||||||&#8221; header_2_text_color=&#8221;#aa0014&#8243; inline_fonts=&#8221;Times New Roman,Arial,Trebuchet,Verdana,ABeeZee&#8221;]<\/p>\n<div class=\"cXedhc uQ4NLd\">\n<h2><span color=\"#aa0014\" face=\"Georgia\"><span><b>Werk Adresse<\/b><\/span><\/span><\/h2>\n<\/div>\n<div class=\"cXedhc uQ4NLd\"><span style=\"font-size: large;\">Freudenbergstra\u00dfe 45<\/span><\/div>\n<div class=\"cXedhc uQ4NLd\"><span style=\"font-size: large;\">44809 Bochum<\/span><\/div>\n<p>[\/et_pb_text][\/et_pb_column][et_pb_column type=&#8221;1_3&#8243; _builder_version=&#8221;3.19.3&#8243; parallax=&#8221;off&#8221; parallax_method=&#8221;on&#8221;][et_pb_image src=&#8221;https:\/\/g\u00fcndogdu-fleisch.de\/wp-content\/uploads\/2021\/09\/icona_clock.png&#8221; _builder_version=&#8221;3.19.3&#8243; max_width=&#8221;70%&#8221;][\/et_pb_image][\/et_pb_column][\/et_pb_row][\/et_pb_section][et_pb_section fb_built=&#8221;1&#8243; _builder_version=&#8221;3.19.3&#8243; background_color=&#8221;#ffffff&#8221; parallax=&#8221;on&#8221; box_shadow_style=&#8221;preset2&#8243; custom_padding=&#8221;0|0px|0|0px|false|false&#8221; custom_css_before=&#8221;||&#8221; custom_css_main_element=&#8221;||&#8221; custom_css_after=&#8221;||&#8221;][et_pb_row make_fullwidth=&#8221;on&#8221; use_custom_gutter=&#8221;on&#8221; gutter_width=&#8221;1&#8243; custom_padding=&#8221;0|0px|0px|0px|false|false&#8221; make_equal=&#8221;on&#8221; custom_css_main_1=&#8221;margin: auto;||&#8221; custom_css_main_2=&#8221;||&#8221; _builder_version=&#8221;3.19.3&#8243; animation_style=&#8221;fade&#8221; custom_css_main_element=&#8221;padding-top: 0px !important; ||   padding-bottom: 0px !important;||&#8221; saved_tabs=&#8221;all&#8221;][et_pb_column type=&#8221;1_2&#8243; _builder_version=&#8221;3.19.3&#8243; parallax=&#8221;off&#8221; parallax_method=&#8221;on&#8221; custom_css_main=&#8221;margin: auto;||&#8221;][et_pb_text disabled_on=&#8221;off|off|off&#8221; _builder_version=&#8221;3.19.3&#8243; text_font=&#8221;||||||||&#8221; text_font_size_phone=&#8221;12px&#8221; text_font_size_last_edited=&#8221;on|phone&#8221; header_font=&#8221;Georgia|700|||||||&#8221; header_text_color=&#8221;#aa0014&#8243; header_font_size_phone=&#8221;20px&#8221; header_font_size_last_edited=&#8221;on|phone&#8221; header_2_font=&#8221;||||||||&#8221; header_2_font_size=&#8221;14px&#8221; header_3_font=&#8221;||||||||&#8221; header_3_font_size=&#8221;18px&#8221; header_3_font_size_phone=&#8221;12px&#8221; header_3_font_size_last_edited=&#8221;on|phone&#8221; max_width_phone=&#8221;100%&#8221; max_width_last_edited=&#8221;on|phone&#8221; module_alignment=&#8221;center&#8221; custom_margin=&#8221;|100px||100px&#8221; custom_margin_phone=&#8221;20px|30px|20px|30px&#8221; custom_margin_last_edited=&#8221;on|phone&#8221; custom_css_main_element=&#8221;margin: auto;||&#8221; custom_css_main_element__hover_enabled=&#8221;on&#8221;]<\/p>\n<div class=\"heading-text el-text\">\n<h1 style=\"text-align: left;\">Unsere Spezialit\u00e4ten<\/h1>\n<p><strong><\/strong><\/p>\n<h3 style=\"text-align: left;\"><span><strong>Spezialit\u00e4ten der Metzgerei in Bochum \u2013 Fleisch, Feinkost und mehr&#8230;<\/strong><\/span><\/h3>\n<p><span style=\"font-size: large;\"><strong><\/strong><\/span><\/p>\n<p><span style=\"font-size: large;\"><span style=\"font-weight: 400;\">Unsere Leitlinie sind Frische, Qualit\u00e4t und Service. Gerne beraten wir Sie freundlich und kompetent und gehen auf Ihre W\u00fcnsche und Fragen ein.\u00a0<\/span><\/span><\/p>\n<p><span style=\"font-size: large;\">J\u00e4hrlich veranstalten wir ein Schlachtfest (Kurban).\u00a0<\/span><\/p>\n<p><span style=\"font-size: large;\">Wir sind stolz darauf, Ihnen Produkte aus feinster Qualit\u00e4t anbieten zu k\u00f6nnen:\u00a0<\/span><\/p>\n<p><span style=\"font-size: large;\"><\/span><\/p>\n<ul>\n<li><span style=\"font-size: large;\">Rindfleisch<\/span><\/li>\n<li><span style=\"font-size: large;\">Kalbfleisch<\/span><\/li>\n<li><span style=\"font-size: large;\">Gefl\u00fcgel<\/span><\/li>\n<li><span style=\"font-size: 14px;\"><span style=\"font-size: large;\">Lamm<\/span><\/span><\/li>\n<\/ul>\n<\/div>\n<div class=\"uncode_text_column\" style=\"text-align: center;\">\n<p style=\"text-align: center;\">\n<\/div>\n<p>[\/et_pb_text][\/et_pb_column][et_pb_column type=&#8221;1_2&#8243; _builder_version=&#8221;3.19.3&#8243; parallax=&#8221;off&#8221; parallax_method=&#8221;on&#8221; custom_css_main=&#8221;||&#8221;][et_pb_gallery gallery_ids=&#8221;808,810,809&#8243; fullwidth=&#8221;on&#8221; _builder_version=&#8221;3.19.3&#8243; box_shadow_style=&#8221;preset2&#8243; background_layout=&#8221;dark&#8221; custom_margin=&#8221;|0px||0px&#8221;][\/et_pb_gallery][\/et_pb_column][\/et_pb_row][\/et_pb_section][et_pb_section fb_built=&#8221;1&#8243; _builder_version=&#8221;3.19.3&#8243; background_image=&#8221;http:\/\/metzegerei-gundogdu.inyour.house\/wp-content\/uploads\/2019\/05\/sfondo_wood.jpg&#8221; parallax=&#8221;on&#8221;][et_pb_row _builder_version=&#8221;3.19.3&#8243;][et_pb_column type=&#8221;1_4&#8243; _builder_version=&#8221;3.19.3&#8243; parallax=&#8221;off&#8221; parallax_method=&#8221;on&#8221;][et_pb_image src=&#8221;https:\/\/g\u00fcndogdu-fleisch.de\/wp-content\/uploads\/2019\/04\/logo-halal-vector-download-logo-halal-6.png&#8221; _builder_version=&#8221;3.19.3&#8243;][\/et_pb_image][\/et_pb_column][et_pb_column type=&#8221;1_4&#8243; _builder_version=&#8221;3.19.3&#8243; parallax=&#8221;off&#8221; parallax_method=&#8221;on&#8221;][et_pb_image src=&#8221;https:\/\/g\u00fcndogdu-fleisch.de\/wp-content\/uploads\/2021\/09\/zertifikat_haccp_1.png&#8221; _builder_version=&#8221;3.19.3&#8243; max_width=&#8221;50%&#8221; module_alignment=&#8221;center&#8221;][\/et_pb_image][\/et_pb_column][et_pb_column type=&#8221;1_4&#8243; _builder_version=&#8221;3.19.3&#8243; parallax=&#8221;off&#8221; parallax_method=&#8221;on&#8221;][et_pb_image src=&#8221;https:\/\/g\u00fcndogdu-fleisch.de\/wp-content\/uploads\/2019\/05\/zertifikat_6.png&#8221; _builder_version=&#8221;3.19.3&#8243; max_width=&#8221;50%&#8221; module_alignment=&#8221;center&#8221;][\/et_pb_image][\/et_pb_column][et_pb_column type=&#8221;1_4&#8243; _builder_version=&#8221;3.19.3&#8243; parallax=&#8221;off&#8221; parallax_method=&#8221;on&#8221;][et_pb_image src=&#8221;https:\/\/g\u00fcndogdu-fleisch.de\/wp-content\/uploads\/2019\/05\/zertifikat_4.png&#8221; _builder_version=&#8221;3.19.3&#8243; max_width=&#8221;50%&#8221; module_alignment=&#8221;center&#8221;][\/et_pb_image][\/et_pb_column][\/et_pb_row][\/et_pb_section]<\/p>\n","protected":false},"excerpt":{"rendered":"<p>[et_pb_section fb_built=&#8221;1&#8243; fullwidth=&#8221;on&#8221; _builder_version=&#8221;3.19.3&#8243; background_color=&#8221;#ffffff&#8221; custom_padding=&#8221;0|0px|0|0px|false|false&#8221;][et_pb_fullwidth_slider _builder_version=&#8221;3.19.3&#8243; header_font=&#8221;||||||||&#8221; background_image=&#8221;http:\/\/metzegerei-gundogdu.inyour.house\/wp-content\/uploads\/2019\/04\/slide_home_3.jpg&#8221; auto=&#8221;on&#8221;][et_pb_slide heading=&#8221;QUALIT\u00c4T&#8221; button_text=&#8221;MEHR ERFAHREN&#8221; _builder_version=&#8221;3.19.3&#8243; header_level=&#8221;h1&#8243; header_font=&#8221;Georgia|800|||||||&#8221; header_text_align=&#8221;center&#8221; header_font_size=&#8221;100px&#8221; header_font_size_tablet=&#8221;70px&#8221; header_font_size_phone=&#8221;36px&#8221; header_font_size_last_edited=&#8221;on|tablet&#8221; header_text_shadow_style=&#8221;preset2&#8243; body_font=&#8221;||||||||&#8221; background_color=&#8221;rgba(196,196,196,0)&#8221; background_image=&#8221;https:\/\/g\u00fcndogdu-fleisch.de\/wp-content\/uploads\/2019\/04\/fleisch_bild_home_1.jpg&#8221;] Zertifizierte Qualit\u00e4t und Frische [\/et_pb_slide][et_pb_slide heading=&#8221;TRADITION&#8221; button_text=&#8221;MEHR ERFAHREN&#8221; _builder_version=&#8221;3.19.3&#8243; header_level=&#8221;h1&#8243; header_font=&#8221;Georgia|800|||||||&#8221; header_text_align=&#8221;center&#8221; header_font_size=&#8221;100px&#8221; header_font_size_tablet=&#8221;70px&#8221; header_font_size_phone=&#8221;35px&#8221; header_font_size_last_edited=&#8221;on|tablet&#8221; header_text_shadow_style=&#8221;preset2&#8243; background_color=&#8221;rgba(196,196,196,0)&#8221; background_image=&#8221;https:\/\/g\u00fcndogdu-fleisch.de\/wp-content\/uploads\/2019\/04\/bild_fleisch_home_3.jpg&#8221;] Familienunternehmen in der 3. Generation [\/et_pb_slide][et_pb_slide heading=&#8221;GROSSHANDEL&#8221; button_text=&#8221;MEHR ERFAHREN&#8221; _builder_version=&#8221;3.19.3&#8243; header_level=&#8221;h1&#8243; [&hellip;]<\/p>\n","protected":false},"author":1,"featured_media":0,"parent":0,"menu_order":0,"comment_status":"closed","ping_status":"closed","template":"","meta":{"_et_pb_use_builder":"on","_et_pb_old_content":"","footnotes":""},"class_list":["post-25","page","type-page","status-publish","hentry"],"aioseo_notices":[],"_links":{"self":[{"href":"https:\/\/g\u00fcndogdu-fleisch.de\/index.php\/index.php\/wp-json\/wp\/v2\/pages\/25","targetHints":{"allow":["GET"]}}],"collection":[{"href":"https:\/\/g\u00fcndogdu-fleisch.de\/index.php\/index.php\/wp-json\/wp\/v2\/pages"}],"about":[{"href":"https:\/\/g\u00fcndogdu-fleisch.de\/index.php\/index.php\/wp-json\/wp\/v2\/types\/page"}],"author":[{"embeddable":true,"href":"https:\/\/g\u00fcndogdu-fleisch.de\/index.php\/index.php\/wp-json\/wp\/v2\/users\/1"}],"replies":[{"embeddable":true,"href":"https:\/\/g\u00fcndogdu-fleisch.de\/index.php\/index.php\/wp-json\/wp\/v2\/comments?post=25"}],"version-history":[{"count":207,"href":"https:\/\/g\u00fcndogdu-fleisch.de\/index.php\/index.php\/wp-json\/wp\/v2\/pages\/25\/revisions"}],"predecessor-version":[{"id":1139,"href":"https:\/\/g\u00fcndogdu-fleisch.de\/index.php\/index.php\/wp-json\/wp\/v2\/pages\/25\/revisions\/1139"}],"wp:attachment":[{"href":"https:\/\/g\u00fcndogdu-fleisch.de\/index.php\/index.php\/wp-json\/wp\/v2\/media?parent=25"}],"curies":[{"name":"wp","href":"https:\/\/api.w.org\/{rel}","templated":true}]}}